{"id":896,"date":"2023-05-08T10:48:34","date_gmt":"2023-05-08T10:48:34","guid":{"rendered":"https:\/\/kobold.vn\/?post_type=product&#038;p=896"},"modified":"2023-05-08T10:49:20","modified_gmt":"2023-05-08T10:49:20","slug":"filters-and-mounting-supports-afz","status":"publish","type":"product","link":"https:\/\/kobold.vn\/en\/product\/filters-and-mounting-supports-afz\/","title":{"rendered":"Filters and Mounting Supports AFZ"},"content":{"rendered":"<p>These products are used for adapting sensors to the different places of application.<\/p>\n<p>Filters protect the sensor against mechanical damage resulting from particle bombardment at relatively high air speeds and damaging deposits. The filters also keep harmful gases from the sensor. Deposits of oil and grease on the filter lead to corrupted measurements which can be rectified by changing the filter.<\/p>\n<h2>Datasheet<\/h2>\n<div class=\"defaultList pad\">\n<div class=\"justflex flexwrap entry odd last\">\n<div class=\"icon pc alignTop\"><img decoding=\"async\" title=\"application\/pdf; charset=binary\" src=\"https:\/\/kobold.com\/images\/mime\/48\/ext.png\/pdf.png\" alt=\"application\/pdf; charset=binary\" \/><\/div>\n<div class=\"description flexigrow1 pc alignTop\">\n<h3>afz-gb-analysis<\/h3>\n<\/div>\n<div class=\"size pc\">1,1 MB<\/div>\n<div class=\"controlArea pc alignRight nowrap\"><a class=\"cssbutton\" href=\"https:\/\/kobold.com\/dynamic\/dlFile\/cd4067b617eb1b33a08349d235ca64e6\/afz-gb-analysis.pdf\" target=\"_blank\" rel=\"noopener\">open<\/a>\u00a0<a class=\"cssbutton\" href=\"https:\/\/kobold.com\/dynamic\/dlFile\/cd4067b617eb1b33a08349d235ca64e6.dl\/afz-gb-analysis.pdf\">download<\/a><\/div>\n<\/div>\n<\/div>\n","protected":false},"excerpt":{"rendered":"<p><strong>Accessories for humidity sensors<\/strong><\/p>\n<p>Filters for sensors \u00d8 12 mm, \u00d8 15 mm, \u00d8 20 mm<br \/>\nMounting support<\/p>\n","protected":false},"featured_media":898,"comment_status":"open","ping_status":"closed","template":"","meta":[],"product_cat":[104],"product_tag":[],"class_list":["post-896","product","type-product","status-publish","has-post-thumbnail","hentry","product_cat-humidity"],"yoast_head":"<!-- This site is optimized with the Yoast SEO Premium plugin v20.4 (Yoast SEO v20.4) - https:\/\/yoast.com\/wordpress\/plugins\/seo\/ -->\n<title>Filters and Mounting Supports AFZ - Sensors &amp; Controls for Flow, Pressure, Level, &amp; Temperature<\/title>\n<meta name=\"robots\" content=\"index, follow, max-snippet:-1, max-image-preview:large, max-video-preview:-1\" \/>\n<link rel=\"canonical\" href=\"https:\/\/kobold.vn\/en\/product\/filters-and-mounting-supports-afz\/\" \/>\n<meta property=\"og:locale\" content=\"en_US\" \/>\n<meta property=\"og:type\" content=\"article\" \/>\n<meta property=\"og:title\" content=\"Filters and Mounting Supports AFZ\" \/>\n<meta property=\"og:description\" content=\"Accessories for humidity sensors  Filters for sensors \u00d8 12 mm, \u00d8 15 mm, \u00d8 20 mm Mounting support\" \/>\n<meta property=\"og:url\" content=\"https:\/\/kobold.vn\/en\/product\/filters-and-mounting-supports-afz\/\" \/>\n<meta property=\"og:site_name\" content=\"Sensors &amp; Controls for Flow, Pressure, Level, &amp; Temperature\" \/>\n<meta property=\"article:modified_time\" content=\"2023-05-08T10:49:20+00:00\" \/>\n<meta property=\"og:image\" content=\"https:\/\/kobold.vn\/en\/wp-content\/uploads\/2023\/05\/afz-analyse-1.282x0-aspect.png\" \/>\n\t<meta property=\"og:image:width\" content=\"282\" \/>\n\t<meta property=\"og:image:height\" content=\"224\" \/>\n\t<meta property=\"og:image:type\" content=\"image\/png\" \/>\n<meta name=\"twitter:card\" content=\"summary_large_image\" \/>\n<meta name=\"twitter:label1\" content=\"Est. reading time\" \/>\n\t<meta name=\"twitter:data1\" content=\"1 minute\" \/>\n<script type=\"application\/ld+json\" class=\"yoast-schema-graph\">{\"@context\":\"https:\/\/schema.org\",\"@graph\":[{\"@type\":\"WebPage\",\"@id\":\"https:\/\/kobold.vn\/en\/product\/filters-and-mounting-supports-afz\/\",\"url\":\"https:\/\/kobold.vn\/en\/product\/filters-and-mounting-supports-afz\/\",\"name\":\"Filters and Mounting Supports AFZ - Sensors &amp; Controls for Flow, Pressure, Level, &amp; Temperature\",\"isPartOf\":{\"@id\":\"https:\/\/kobold.vn\/en\/#website\"},\"datePublished\":\"2023-05-08T10:48:34+00:00\",\"dateModified\":\"2023-05-08T10:49:20+00:00\",\"breadcrumb\":{\"@id\":\"https:\/\/kobold.vn\/en\/product\/filters-and-mounting-supports-afz\/#breadcrumb\"},\"inLanguage\":\"en-US\",\"potentialAction\":[{\"@type\":\"ReadAction\",\"target\":[\"https:\/\/kobold.vn\/en\/product\/filters-and-mounting-supports-afz\/\"]}]},{\"@type\":\"BreadcrumbList\",\"@id\":\"https:\/\/kobold.vn\/en\/product\/filters-and-mounting-supports-afz\/#breadcrumb\",\"itemListElement\":[{\"@type\":\"ListItem\",\"position\":1,\"name\":\"Home\",\"item\":\"https:\/\/kobold.vn\/en\/\"},{\"@type\":\"ListItem\",\"position\":2,\"name\":\"Products\",\"item\":\"https:\/\/kobold.vn\/en\/products\/\"},{\"@type\":\"ListItem\",\"position\":3,\"name\":\"Filters and Mounting Supports AFZ\"}]},{\"@type\":\"WebSite\",\"@id\":\"https:\/\/kobold.vn\/en\/#website\",\"url\":\"https:\/\/kobold.vn\/en\/\",\"name\":\"Sensors &amp; Controls for Flow, Pressure, Level, &amp; Temperature\",\"description\":\"KOBOLD VIETNAM\",\"potentialAction\":[{\"@type\":\"SearchAction\",\"target\":{\"@type\":\"EntryPoint\",\"urlTemplate\":\"https:\/\/kobold.vn\/en\/?s={search_term_string}\"},\"query-input\":\"required name=search_term_string\"}],\"inLanguage\":\"en-US\"}]}<\/script>\n<!-- \/ Yoast SEO Premium plugin. -->","yoast_head_json":{"title":"Filters and Mounting Supports AFZ - Sensors &amp; Controls for Flow, Pressure, Level, &amp; Temperature","robots":{"index":"index","follow":"follow","max-snippet":"max-snippet:-1","max-image-preview":"max-image-preview:large","max-video-preview":"max-video-preview:-1"},"canonical":"https:\/\/kobold.vn\/en\/product\/filters-and-mounting-supports-afz\/","og_locale":"en_US","og_type":"article","og_title":"Filters and Mounting Supports AFZ","og_description":"Accessories for humidity sensors  Filters for sensors \u00d8 12 mm, \u00d8 15 mm, \u00d8 20 mm Mounting support","og_url":"https:\/\/kobold.vn\/en\/product\/filters-and-mounting-supports-afz\/","og_site_name":"Sensors &amp; Controls for Flow, Pressure, Level, &amp; Temperature","article_modified_time":"2023-05-08T10:49:20+00:00","og_image":[{"width":282,"height":224,"url":"https:\/\/kobold.vn\/en\/wp-content\/uploads\/2023\/05\/afz-analyse-1.282x0-aspect.png","type":"image\/png"}],"twitter_card":"summary_large_image","twitter_misc":{"Est. reading time":"1 minute"},"schema":{"@context":"https:\/\/schema.org","@graph":[{"@type":"WebPage","@id":"https:\/\/kobold.vn\/en\/product\/filters-and-mounting-supports-afz\/","url":"https:\/\/kobold.vn\/en\/product\/filters-and-mounting-supports-afz\/","name":"Filters and Mounting Supports AFZ - Sensors &amp; Controls for Flow, Pressure, Level, &amp; Temperature","isPartOf":{"@id":"https:\/\/kobold.vn\/en\/#website"},"datePublished":"2023-05-08T10:48:34+00:00","dateModified":"2023-05-08T10:49:20+00:00","breadcrumb":{"@id":"https:\/\/kobold.vn\/en\/product\/filters-and-mounting-supports-afz\/#breadcrumb"},"inLanguage":"en-US","potentialAction":[{"@type":"ReadAction","target":["https:\/\/kobold.vn\/en\/product\/filters-and-mounting-supports-afz\/"]}]},{"@type":"BreadcrumbList","@id":"https:\/\/kobold.vn\/en\/product\/filters-and-mounting-supports-afz\/#breadcrumb","itemListElement":[{"@type":"ListItem","position":1,"name":"Home","item":"https:\/\/kobold.vn\/en\/"},{"@type":"ListItem","position":2,"name":"Products","item":"https:\/\/kobold.vn\/en\/products\/"},{"@type":"ListItem","position":3,"name":"Filters and Mounting Supports AFZ"}]},{"@type":"WebSite","@id":"https:\/\/kobold.vn\/en\/#website","url":"https:\/\/kobold.vn\/en\/","name":"Sensors &amp; Controls for Flow, Pressure, Level, &amp; Temperature","description":"KOBOLD VIETNAM","potentialAction":[{"@type":"SearchAction","target":{"@type":"EntryPoint","urlTemplate":"https:\/\/kobold.vn\/en\/?s={search_term_string}"},"query-input":"required name=search_term_string"}],"inLanguage":"en-US"}]}},"_links":{"self":[{"href":"https:\/\/kobold.vn\/en\/wp-json\/wp\/v2\/product\/896","targetHints":{"allow":["GET"]}}],"collection":[{"href":"https:\/\/kobold.vn\/en\/wp-json\/wp\/v2\/product"}],"about":[{"href":"https:\/\/kobold.vn\/en\/wp-json\/wp\/v2\/types\/product"}],"replies":[{"embeddable":true,"href":"https:\/\/kobold.vn\/en\/wp-json\/wp\/v2\/comments?post=896"}],"wp:featuredmedia":[{"embeddable":true,"href":"https:\/\/kobold.vn\/en\/wp-json\/wp\/v2\/media\/898"}],"wp:attachment":[{"href":"https:\/\/kobold.vn\/en\/wp-json\/wp\/v2\/media?parent=896"}],"wp:term":[{"taxonomy":"product_cat","embeddable":true,"href":"https:\/\/kobold.vn\/en\/wp-json\/wp\/v2\/product_cat?post=896"},{"taxonomy":"product_tag","embeddable":true,"href":"https:\/\/kobold.vn\/en\/wp-json\/wp\/v2\/product_tag?post=896"}],"curies":[{"name":"wp","href":"https:\/\/api.w.org\/{rel}","templated":true}]}}